{"id":84,"date":"2013-04-08T21:11:34","date_gmt":"2013-04-08T21:11:34","guid":{"rendered":"https:\/\/albertoplaza.cl\/mundo\/?page_id=84"},"modified":"2023-05-30T22:53:19","modified_gmt":"2023-05-30T22:53:19","slug":"quienes-somos","status":"publish","type":"page","link":"https:\/\/albertoplaza.cl\/mundo\/quienes-somos\/","title":{"rendered":"QUI\u00c9NES SOMOS"},"content":{"rendered":"<p style=\"text-align: justify;\"><a href=\"https:\/\/albertoplaza.cl\/mundo\/wp-content\/uploads\/2013\/04\/41282_439064097995_20895_n.jpg\" rel=\"lightbox[84]\"><img loading=\"lazy\" decoding=\"async\" class=\" wp-image-2706 alignright\" src=\"https:\/\/albertoplaza.cl\/mundo\/wp-content\/uploads\/2013\/04\/41282_439064097995_20895_n.jpg\" alt=\"41282_439064097995_20895_n\" width=\"576\" height=\"417\" srcset=\"https:\/\/albertoplaza.cl\/mundo\/wp-content\/uploads\/2013\/04\/41282_439064097995_20895_n.jpg 720w, https:\/\/albertoplaza.cl\/mundo\/wp-content\/uploads\/2013\/04\/41282_439064097995_20895_n-300x217.jpg 300w, https:\/\/albertoplaza.cl\/mundo\/wp-content\/uploads\/2013\/04\/41282_439064097995_20895_n-414x300.jpg 414w\" sizes=\"auto, (max-width: 576px) 100vw, 576px\" \/><\/a>La Fundaci\u00f3n Voy a Cambiar el Mundo (<span style=\"color: #3399cc;\"><strong>VACEM<\/strong><\/span>) es una organizaci\u00f3n sin fines de lucro, cuya misi\u00f3n es contribuir al buen trato infantil, generando movilizaci\u00f3n y conciencia social en torno al respecto que merece la infancia.<\/p>\n<p style=\"text-align: justify;\"><span style=\"color: #3399cc;\"><strong>VACEM<\/strong><\/span> fue creada en el a\u00f1o 2001 por el cantautor chileno Alberto Plaza. La fundaci\u00f3n cuenta con voluntarios comprometidos y dispuestos a trabajar por el derecho de los ni\u00f1os a crecer en paz.<\/p>\n<p style=\"text-align: justify;\">Nuestros programas y proyectos se financian con donaciones particulares, de empresas y con el apoyo del presidente de nuestra fundaci\u00f3n, Alberto Plaza.<\/p>\n<p style=\"text-align: justify;\">Los invitamos a conocer nuestra historia, a participar en nuestros programas y a unirse a nuestros ideales para lograr que la infancia encuentre un mundo mejor.<\/p>\n<p>&nbsp;<\/p>\n","protected":false},"excerpt":{"rendered":"<p>La Fundaci\u00f3n Voy a Cambiar el Mundo (VACEM) es una organizaci\u00f3n sin fines de lucro, cuya misi\u00f3n es contribuir al buen trato infantil, generando movilizaci\u00f3n y conciencia social en torno al respecto que merece la infancia. VACEM fue creada en &hellip; <a class=\"more-link\" href=\"https:\/\/albertoplaza.cl\/mundo\/quienes-somos\/\">Sigue leyendo <span class=\"meta-nav\">&rarr;<\/span><\/a><\/p>\n","protected":false},"author":2,"featured_media":0,"parent":0,"menu_order":0,"comment_status":"closed","ping_status":"closed","template":"","meta":{"footnotes":""},"class_list":["post-84","page","type-page","status-publish","hentry"],"_links":{"self":[{"href":"https:\/\/albertoplaza.cl\/mundo\/wp-json\/wp\/v2\/pages\/84","targetHints":{"allow":["GET"]}}],"collection":[{"href":"https:\/\/albertoplaza.cl\/mundo\/wp-json\/wp\/v2\/pages"}],"about":[{"href":"https:\/\/albertoplaza.cl\/mundo\/wp-json\/wp\/v2\/types\/page"}],"author":[{"embeddable":true,"href":"https:\/\/albertoplaza.cl\/mundo\/wp-json\/wp\/v2\/users\/2"}],"replies":[{"embeddable":true,"href":"https:\/\/albertoplaza.cl\/mundo\/wp-json\/wp\/v2\/comments?post=84"}],"version-history":[{"count":0,"href":"https:\/\/albertoplaza.cl\/mundo\/wp-json\/wp\/v2\/pages\/84\/revisions"}],"wp:attachment":[{"href":"https:\/\/albertoplaza.cl\/mundo\/wp-json\/wp\/v2\/media?parent=84"}],"curies":[{"name":"wp","href":"https:\/\/api.w.org\/{rel}","templated":true}]}}