{"id":32,"date":"2011-11-02T22:02:46","date_gmt":"2011-11-02T22:02:46","guid":{"rendered":"https:\/\/albertoplaza.cl\/mundo\/?page_id=32"},"modified":"2023-05-30T23:00:43","modified_gmt":"2023-05-30T23:00:43","slug":"nuestros-voluntarios","status":"publish","type":"page","link":"https:\/\/albertoplaza.cl\/mundo\/nuestros-voluntarios\/","title":{"rendered":"NUESTROS VOLUNTARIOS"},"content":{"rendered":"<p><a href=\"https:\/\/albertoplaza.cl\/mundo\/wp-content\/uploads\/2011\/11\/IMG-20120623-00123_NUESTROS_VOLUNTARIOS.jpg\" rel=\"lightbox[32]\"><img loading=\"lazy\" decoding=\"async\" class=\" wp-image-2648 alignright\" src=\"https:\/\/albertoplaza.cl\/mundo\/wp-content\/uploads\/2011\/11\/IMG-20120623-00123_NUESTROS_VOLUNTARIOS.jpg\" alt=\"IMG-20120623-00123_NUESTROS_VOLUNTARIOS\" width=\"480\" height=\"360\" srcset=\"https:\/\/albertoplaza.cl\/mundo\/wp-content\/uploads\/2011\/11\/IMG-20120623-00123_NUESTROS_VOLUNTARIOS.jpg 800w, https:\/\/albertoplaza.cl\/mundo\/wp-content\/uploads\/2011\/11\/IMG-20120623-00123_NUESTROS_VOLUNTARIOS-300x225.jpg 300w, https:\/\/albertoplaza.cl\/mundo\/wp-content\/uploads\/2011\/11\/IMG-20120623-00123_NUESTROS_VOLUNTARIOS-400x300.jpg 400w\" sizes=\"auto, (max-width: 480px) 100vw, 480px\" \/><\/a><span style=\"font-size: x-large;\"><strong><span style=\"font-family: Economica; font-size: x-large; color: #3399cc;\">COMO AYUDAR<\/span><br \/>\n<\/strong><\/span><\/p>\n<p style=\"text-align: justify;\">Si deseas apoyar a VACEM aportando tu trabajo o recursos no dudes en comunicarte con nuestra fundaci\u00f3n.\u00a0 Hay un lugar esperando para ti.<\/p>\n<p style=\"text-align: justify;\">Las empresas interesadas en apoyar en el \u00e1rea responsabilidad social, tambi\u00e9n pueden hacerlo ayudando a mejorar la calidad de vida de nuestros ni\u00f1os.<\/p>\n<p><strong><span style=\"font-family: Economica; font-size: x-large; color: #3399cc;\">VOLUNTARIOS<\/span> <\/strong><\/p>\n<p style=\"text-align: justify;\">Contamos con sedes que realizan trabajos los fines de semana, vacaciones o d\u00edas festivos. \u00danete a alguna de nuestras campa\u00f1as y participa activamente regal\u00e1ndoles una sonrisa a nuestros ni\u00f1os. \u00a1Te esperamos!<\/p>\n<h2 style=\"text-align: justify;\">PERFIL DE NUESTROS VOLUNTARIOS<\/h2>\n<p style=\"text-align: justify;\">Los voluntarios de nuestra Fundaci\u00f3n son personas comprometidas y sensibilizadas, dispuestas a trabajar y luchar por el derecho de nuestros ni\u00f1os a crecer es paz.<\/p>\n<p style=\"text-align: justify;\"><a href=\"https:\/\/albertoplaza.cl\/mundo\/wp-content\/uploads\/2011\/11\/BRIGADA-DE-SALUD-JUNIO-23-2012_NUESTROS_VOLUNTARIOS.jpg\" rel=\"lightbox[32]\"><img loading=\"lazy\" decoding=\"async\" class=\"size-medium wp-image-2646 alignleft\" src=\"https:\/\/albertoplaza.cl\/mundo\/wp-content\/uploads\/2011\/11\/BRIGADA-DE-SALUD-JUNIO-23-2012_NUESTROS_VOLUNTARIOS-205x300.jpg\" alt=\"BRIGADA DE SALUD JUNIO 23 2012_NUESTROS_VOLUNTARIOS\" width=\"205\" height=\"300\" srcset=\"https:\/\/albertoplaza.cl\/mundo\/wp-content\/uploads\/2011\/11\/BRIGADA-DE-SALUD-JUNIO-23-2012_NUESTROS_VOLUNTARIOS-205x300.jpg 205w, https:\/\/albertoplaza.cl\/mundo\/wp-content\/uploads\/2011\/11\/BRIGADA-DE-SALUD-JUNIO-23-2012_NUESTROS_VOLUNTARIOS.jpg 400w\" sizes=\"auto, (max-width: 205px) 100vw, 205px\" \/><\/a>Un integrante de Voy a Cambiar el Mundo debe ser ante todo, sensible ante las obras que emprenda y ante su propia vida.\u00a0 Un voluntario con gran capacidad de trabajo y compromiso social\u00a0 hacia las actividades de la Fundaci\u00f3n.<\/p>\n<p style=\"text-align: justify;\">Esperemos que nuestros voluntarios den testimonio de valores de solidaridad,\u00a0 tolerancia,\u00a0 honestidad y respeto.<\/p>\n<p style=\"text-align: justify;\">Entre alguna de las actividades a desarrollar, se encuentran la difusi\u00f3n, promoci\u00f3n y defensa de los derechos de los ni\u00f1os,\u00a0 la no discriminaci\u00f3n, la generaci\u00f3n de conciencia social en torno al respeto y atenci\u00f3n que merece la infancia.<\/p>\n<p style=\"text-align: justify;\">Para desarrollarnos como una instituci\u00f3n seria, responsable y comprometida, nuestros voluntarios deben ser personas cuyos principios y valores personales tengan concordancia con la misi\u00f3n y visi\u00f3n de la instituci\u00f3n.<\/p>\n<h1 style=\"text-align: justify;\">C\u00d3MO ME CONVIERTO EN VOLUNTARIO<\/h1>\n<p style=\"text-align: justify;\"><strong>Si est\u00e1 interesado en ser parte de la Fundaci\u00f3n Voy A Cambiar El Mundo, por favor escr\u00edbanos a nuestro correo central:<\/strong><\/p>\n<p style=\"text-align: justify;\"><strong><a href=\"mailto:info@voyacambiarelmundo.com\">info@voyacambiarelmundo.com<\/a>.<\/strong><\/p>\n<p style=\"text-align: justify;\"><strong>Responderemos todas sus inquietudes a la brevedad.<\/strong><\/p>\n<p style=\"text-align: justify;\"><a href=\"https:\/\/albertoplaza.cl\/mundo\/wp-content\/uploads\/2011\/11\/DSC02571_NUESTROS_VOLUNTARIOS.jpg\" rel=\"lightbox[32]\"><img loading=\"lazy\" decoding=\"async\" class=\"wp-image-2647 aligncenter\" src=\"https:\/\/albertoplaza.cl\/mundo\/wp-content\/uploads\/2011\/11\/DSC02571_NUESTROS_VOLUNTARIOS.jpg\" alt=\"DSC02571_NUESTROS_VOLUNTARIOS\" width=\"800\" height=\"450\" srcset=\"https:\/\/albertoplaza.cl\/mundo\/wp-content\/uploads\/2011\/11\/DSC02571_NUESTROS_VOLUNTARIOS.jpg 800w, https:\/\/albertoplaza.cl\/mundo\/wp-content\/uploads\/2011\/11\/DSC02571_NUESTROS_VOLUNTARIOS-300x168.jpg 300w, https:\/\/albertoplaza.cl\/mundo\/wp-content\/uploads\/2011\/11\/DSC02571_NUESTROS_VOLUNTARIOS-500x281.jpg 500w\" sizes=\"auto, (max-width: 800px) 100vw, 800px\" \/><\/a><\/p>\n","protected":false},"excerpt":{"rendered":"<p>COMO AYUDAR Si deseas apoyar a VACEM aportando tu trabajo o recursos no dudes en comunicarte con nuestra fundaci\u00f3n.\u00a0 Hay un lugar esperando para ti. Las empresas interesadas en apoyar en el \u00e1rea responsabilidad social, tambi\u00e9n pueden hacerlo ayudando a &hellip; <a class=\"more-link\" href=\"https:\/\/albertoplaza.cl\/mundo\/nuestros-voluntarios\/\">Sigue leyendo <span class=\"meta-nav\">&rarr;<\/span><\/a><\/p>\n","protected":false},"author":2,"featured_media":0,"parent":0,"menu_order":0,"comment_status":"closed","ping_status":"closed","template":"","meta":{"footnotes":""},"class_list":["post-32","page","type-page","status-publish","hentry"],"_links":{"self":[{"href":"https:\/\/albertoplaza.cl\/mundo\/wp-json\/wp\/v2\/pages\/32","targetHints":{"allow":["GET"]}}],"collection":[{"href":"https:\/\/albertoplaza.cl\/mundo\/wp-json\/wp\/v2\/pages"}],"about":[{"href":"https:\/\/albertoplaza.cl\/mundo\/wp-json\/wp\/v2\/types\/page"}],"author":[{"embeddable":true,"href":"https:\/\/albertoplaza.cl\/mundo\/wp-json\/wp\/v2\/users\/2"}],"replies":[{"embeddable":true,"href":"https:\/\/albertoplaza.cl\/mundo\/wp-json\/wp\/v2\/comments?post=32"}],"version-history":[{"count":0,"href":"https:\/\/albertoplaza.cl\/mundo\/wp-json\/wp\/v2\/pages\/32\/revisions"}],"wp:attachment":[{"href":"https:\/\/albertoplaza.cl\/mundo\/wp-json\/wp\/v2\/media?parent=32"}],"curies":[{"name":"wp","href":"https:\/\/api.w.org\/{rel}","templated":true}]}}