{"id":19,"date":"2011-11-02T20:59:26","date_gmt":"2011-11-02T20:59:26","guid":{"rendered":"https:\/\/albertoplaza.cl\/mundo\/?page_id=19"},"modified":"2023-05-30T22:51:05","modified_gmt":"2023-05-30T22:51:05","slug":"bienvenidos-a-voy-a-cambiar-el-mundo","status":"publish","type":"page","link":"https:\/\/albertoplaza.cl\/mundo\/","title":{"rendered":"BIENVENIDOS A VOY A CAMBIAR EL MUNDO"},"content":{"rendered":"<p style=\"text-align: justify;\">La Fundaci\u00f3n Voy a Cambiar el Mundo <strong><span style=\"color: #3399cc;\">VACEM <\/span><\/strong>es una organizaci\u00f3n sin fines de lucro, cuya misi\u00f3n es contribuir al buen trato infantil, generando movilizaci\u00f3n y conciencia social en torno al respeto que merece la infancia.<\/p>\n<p style=\"text-align: justify;\"><span style=\"color: #3399cc;\"><strong>VACEM<\/strong><\/span> fue creada en el a\u00f1o 2001 por el cantautor chileno Alberto Plaza. La fundaci\u00f3n cuenta con voluntarios comprometidos y dispuestos a trabajar por el derecho de los ni\u00f1os a crecer en paz.<\/p>\n<p style=\"text-align: justify;\">Nuestros programas y proyectos se financian con donaciones particulares, de empresas y con el apoyo del presidente de nuestra fundaci\u00f3n, Alberto Plaza.<\/p>\n<p style=\"text-align: justify;\">Los invitamos a conocer nuestra historia, a participar en nuestros programas y a unirse a nuestros ideales para lograr que la infancia encuentre un mundo mejor.<\/p>\n<h1 style=\"text-align: justify;\"><strong>Palabras de Alberto<br \/>\n<\/strong><\/h1>\n<h1 style=\"text-align: center;\">\u201cLa Fundaci\u00f3n Voy a Cambiar el Mundo es sin\u00f3nimo de amor, generosidad y esperanza. Seguiremos adelante con este sue\u00f1o junto a nuestros voluntarios, quienes se han se han entregado con amor a este proyecto. Los invito a ser parte de VACEM y darles a nuestros ni\u00f1os el derecho a la infancia feliz que merecen\u201d. Alberto Plaza.<\/h1>\n","protected":false},"excerpt":{"rendered":"<p>La Fundaci\u00f3n Voy a Cambiar el Mundo VACEM es una organizaci\u00f3n sin fines de lucro, cuya misi\u00f3n es contribuir al buen trato infantil, generando movilizaci\u00f3n y conciencia social en torno al respeto que merece la infancia. VACEM fue creada en &hellip; <a class=\"more-link\" href=\"https:\/\/albertoplaza.cl\/mundo\/\">Sigue leyendo <span class=\"meta-nav\">&rarr;<\/span><\/a><\/p>\n","protected":false},"author":2,"featured_media":0,"parent":0,"menu_order":0,"comment_status":"closed","ping_status":"closed","template":"","meta":{"footnotes":""},"class_list":["post-19","page","type-page","status-publish","hentry"],"_links":{"self":[{"href":"https:\/\/albertoplaza.cl\/mundo\/wp-json\/wp\/v2\/pages\/19","targetHints":{"allow":["GET"]}}],"collection":[{"href":"https:\/\/albertoplaza.cl\/mundo\/wp-json\/wp\/v2\/pages"}],"about":[{"href":"https:\/\/albertoplaza.cl\/mundo\/wp-json\/wp\/v2\/types\/page"}],"author":[{"embeddable":true,"href":"https:\/\/albertoplaza.cl\/mundo\/wp-json\/wp\/v2\/users\/2"}],"replies":[{"embeddable":true,"href":"https:\/\/albertoplaza.cl\/mundo\/wp-json\/wp\/v2\/comments?post=19"}],"version-history":[{"count":0,"href":"https:\/\/albertoplaza.cl\/mundo\/wp-json\/wp\/v2\/pages\/19\/revisions"}],"wp:attachment":[{"href":"https:\/\/albertoplaza.cl\/mundo\/wp-json\/wp\/v2\/media?parent=19"}],"curies":[{"name":"wp","href":"https:\/\/api.w.org\/{rel}","templated":true}]}}