{"id":132,"date":"2013-04-14T22:56:44","date_gmt":"2013-04-14T22:56:44","guid":{"rendered":"https:\/\/albertoplaza.cl\/mundo\/?page_id=132"},"modified":"2013-04-29T18:06:12","modified_gmt":"2013-04-29T18:06:12","slug":"es-tiempo-de-actuar","status":"publish","type":"page","link":"https:\/\/albertoplaza.cl\/mundo\/es-tiempo-de-actuar\/","title":{"rendered":"ES TIEMPO DE ACTUAR"},"content":{"rendered":"<p style=\"text-align: justify;\"><a href=\"https:\/\/albertoplaza.cl\/mundo\/wp-content\/uploads\/2013\/04\/297999_260927890610970_1201139846_n.jpg\" rel=\"lightbox[132]\"><img loading=\"lazy\" decoding=\"async\" class=\"alignright  wp-image-2828\" alt=\"297999_260927890610970_1201139846_n\" src=\"https:\/\/albertoplaza.cl\/mundo\/wp-content\/uploads\/2013\/04\/297999_260927890610970_1201139846_n.jpg\" width=\"491\" height=\"369\" srcset=\"https:\/\/albertoplaza.cl\/mundo\/wp-content\/uploads\/2013\/04\/297999_260927890610970_1201139846_n.jpg 614w, https:\/\/albertoplaza.cl\/mundo\/wp-content\/uploads\/2013\/04\/297999_260927890610970_1201139846_n-300x225.jpg 300w, https:\/\/albertoplaza.cl\/mundo\/wp-content\/uploads\/2013\/04\/297999_260927890610970_1201139846_n-399x300.jpg 399w\" sizes=\"auto, (max-width: 491px) 100vw, 491px\" \/><\/a>Cada vez que participamos en alg\u00fan evento, se nos acercan muchas personas a preguntarnos que pueden hacer para mejorar su trato hacia sus hijos. Muchos reconocen estar cansados de repetir las mimas cosas y no ver cambios de conducta en los ni\u00f1os o j\u00f3venes.<\/p>\n<p style=\"text-align: justify;\">Otros manifiestan abiertamente que pierden la paciencia y sienten que el trato que dan a sus hijos no es \u00e9l mas adecuado. Expresan que parten con buenas intenciones, pero finalmente terminan alzando la voz e incluso dando \u201cpeque\u00f1os golpes\u201d.<\/p>\n<p style=\"text-align: justify;\">Es importante lograr juntar el discurso con la pr\u00e1ctica, nada sacamos con manifestarnos en\u00a0 defensa de la infancia si llegamos a nuestra casa y gritamos, avergonzamos o golpeamos a nuestros hijos.<\/p>\n<p style=\"text-align: justify;\">Es cierto que \u201cel golpe formador\u201d esta socialmente aceptado en la mayor\u00eda de nuestros pa\u00edses, pero es un eufemismo, no existe golpe formador, golpe bueno, golpe correctivo, golpe peque\u00f1o. Golpe es golpe, y eso hay que reconocerlo.<\/p>\n<p style=\"text-align: justify;\">Pero tambi\u00e9n con Fundaci\u00f3n reconocemos que es m\u00e1s f\u00e1cil criticar que ayudar, m\u00e1s f\u00e1cil decir que hacer y por eso hemos desarrollado a continuaci\u00f3n algunos puntos b\u00e1sicos que permiten lograr cambios en las conductas de los ni\u00f1os y j\u00f3venes, especialmente porque son herramientas sencillas que ustedes como padres o maestros pueden utilizar. Si necesitan ayudas mas especificas, no duden en escribirnos, ser\u00e1 un placer ayudarlos.<\/p>\n<p style=\"text-align: justify;\">No olviden nunca que nuestros hijos son nuestro reflejo, si ustedes cambian, ellos cambiaran.<\/p>\n<p style=\"text-align: justify;\"><a href=\"https:\/\/albertoplaza.cl\/mundo\/wp-content\/uploads\/2013\/04\/247767_10150214067637996_7118261_n.jpg\" rel=\"lightbox[132]\"><img loading=\"lazy\" decoding=\"async\" class=\"alignright  wp-image-2710\" alt=\"247767_10150214067637996_7118261_n\" src=\"https:\/\/albertoplaza.cl\/mundo\/wp-content\/uploads\/2013\/04\/247767_10150214067637996_7118261_n.jpg\" width=\"504\" height=\"378\" srcset=\"https:\/\/albertoplaza.cl\/mundo\/wp-content\/uploads\/2013\/04\/247767_10150214067637996_7118261_n.jpg 720w, https:\/\/albertoplaza.cl\/mundo\/wp-content\/uploads\/2013\/04\/247767_10150214067637996_7118261_n-300x225.jpg 300w, https:\/\/albertoplaza.cl\/mundo\/wp-content\/uploads\/2013\/04\/247767_10150214067637996_7118261_n-400x300.jpg 400w\" sizes=\"auto, (max-width: 504px) 100vw, 504px\" \/><\/a><strong><span style=\"color: #3399cc;\">SUGERENCIAS FAMILIARES<\/span><\/strong><\/p>\n<p style=\"text-align: justify;\">\u2022 La forma m\u00e1s efectiva de incrementar una conducta es reforz\u00e1ndola, exprese su reconocimiento bien sea en forma verbal (ejemplo: te felicito, lo hiciste muy bien&#8230;) o material (ejemplo: dulce, postre, juguetes, salidas).<\/p>\n<p style=\"text-align: justify;\">\u2022 Refuerce inmediatamente cualquier aproximaci\u00f3n a la conducta que desee incrementar. Al inicio refuerce constantemente la conducta que desee incrementar, la cual una vez aprendida requiere refuerzo ocasional.<\/p>\n<p style=\"text-align: justify;\">\u2022 Refuerce siempre describiendo la conducta espec\u00edfica, de esta manera el ni\u00f1o comprender\u00e1 mejor lo que est\u00e1 haciendo bien y tender\u00e1 a repetirlo. Ej: &#8220;te felicito por la manera tan ordenada que dejaste tu pieza hoy en la ma\u00f1ana&#8221;.<\/p>\n<p style=\"text-align: justify;\">\u2022 Ignore las conductas inadecuadas que no tengan consecuencias graves. (Ej: broma entre hermanos, disputas verbales, etc.) y aumente la atenci\u00f3n hacia las conductas adecuadas (Ej: sentarse, hacer las tareas). Esta t\u00e9cnica aplicada sistem\u00e1ticamente por ambos padres, aumentar\u00e1 la emisi\u00f3n de conductas positivas y disminuir\u00e1 la frecuencia de las negativas.<\/p>\n<p style=\"text-align: justify;\">\u2022 Sea creativo cuando refuerce, las mismas frases usadas una y otra vez perder\u00e1n su efectividad.<\/p>\n<p style=\"text-align: justify;\">\u2022 La manera de comprobar la efectividad del refuerzo que usted est\u00e1 utilizando, es la repetici\u00f3n de la buena conducta.<\/p>\n<p>\u2022 Haga que oiga sus comentarios de su buen comportamiento con un amigo o familiar.<\/p>\n<p style=\"text-align: justify;\">\u2022 Es importante que refuerce a su hijo en privado y si es en p\u00fablico, h\u00e1galo de forma moderada, utilice se\u00f1ales secretas especiales. Ej: un gui\u00f1o de ojo, el dedo pulgar hacia arriba, le dir\u00e1 a su hijo sin buscar atenci\u00f3n no deseada, que usted ha notado su buen trabajo, o bien m\u00e1s tarde d\u00edgale lo bien que lo hizo.<\/p>\n<p style=\"text-align: justify;\">\u2022 Si le cuesta encontrar aspectos positivos acerca de su hijo, le sugerimos anote en una libreta las conductas positivas que vaya descubriendo. Se sorprender\u00e1\u00a0 de la cantidad de buenas conductas que puede anotar y de cuanto ayuda aprender a reforzar a su hijo.<\/p>\n<p style=\"text-align: justify;\"><strong><a href=\"https:\/\/albertoplaza.cl\/mundo\/wp-content\/uploads\/2013\/04\/539012_402474016479515_1329006693_n.jpg\" rel=\"lightbox[132]\"><img loading=\"lazy\" decoding=\"async\" class=\"alignright  wp-image-2725\" alt=\"539012_402474016479515_1329006693_n\" src=\"https:\/\/albertoplaza.cl\/mundo\/wp-content\/uploads\/2013\/04\/539012_402474016479515_1329006693_n.jpg\" width=\"576\" height=\"432\" srcset=\"https:\/\/albertoplaza.cl\/mundo\/wp-content\/uploads\/2013\/04\/539012_402474016479515_1329006693_n.jpg 960w, https:\/\/albertoplaza.cl\/mundo\/wp-content\/uploads\/2013\/04\/539012_402474016479515_1329006693_n-300x225.jpg 300w, https:\/\/albertoplaza.cl\/mundo\/wp-content\/uploads\/2013\/04\/539012_402474016479515_1329006693_n-400x300.jpg 400w\" sizes=\"auto, (max-width: 576px) 100vw, 576px\" \/><\/a><\/strong>\u2022 Para dar un empuje, acompa\u00f1e el refuerzo con un premio, un peque\u00f1o regalo, pero guarde las sorpresas para ocasiones especiales de manera que no sean esperadas.<\/p>\n<p style=\"text-align: justify;\">\u2022 Refuerce espec\u00edfica y positivamente la conducta, porque esto le dar\u00e1 al ni\u00f1o un concepto positivo de s\u00ed mismo, de manera que se sentir\u00e1 seguro en sus logros.<\/p>\n<p style=\"text-align: justify;\">\u2022 Refuerce conductas positivas en otras personas a fin de estimular la imitaci\u00f3n de tales conductas por parte de su hijo.<\/p>\n<p style=\"text-align: justify;\">\u2022 Defina exactamente que es lo que usted quiere que su hijo haga con mayor frecuencia o defina en forma precisa que es lo que debe hacer para ganarse el premio. No diga &#8220;s\u00e9 m\u00e1s responsable&#8221;. M\u00e1s bien diga: &#8221; por favor, haz tu cama en las ma\u00f1anas&#8221;.<\/p>\n<p style=\"text-align: justify;\">\u2022 Es importante poner de acuerdo a los adultos primero, no podemos esperar conductas en los ni\u00f1os que nunca han visto en sus padres o sus adultos significativos.<br \/>Finalmente recuerde que es mejor pensar en peque\u00f1o, los problemas no se resuelven de un d\u00eda para otro, los cambios tanto en ni\u00f1os como en adultos son lentos y progresivos.<\/p>\n<p style=\"text-align: justify;\">Y lo mas importante, demu\u00e9strele al ni\u00f1o que usted lo valora y quiere incondicionalmente. Abr\u00e1celo, pr\u00e9stele atenci\u00f3n, esc\u00fachelo, h\u00e1gale saber cuanto lo ama. El amor es capaz de transformarlo todo.\u00a0<\/p>\n<p style=\"text-align: justify;\">\u00a0<\/p>\n","protected":false},"excerpt":{"rendered":"<p>Cada vez que participamos en alg\u00fan evento, se nos acercan muchas personas a preguntarnos que pueden hacer para mejorar su trato hacia sus hijos. Muchos reconocen estar cansados de repetir las mimas cosas y no ver cambios de conducta en &hellip; <a class=\"more-link\" href=\"https:\/\/albertoplaza.cl\/mundo\/es-tiempo-de-actuar\/\">Sigue leyendo <span class=\"meta-nav\">&rarr;<\/span><\/a><\/p>\n","protected":false},"author":2,"featured_media":0,"parent":0,"menu_order":0,"comment_status":"closed","ping_status":"closed","template":"","meta":{"footnotes":""},"class_list":["post-132","page","type-page","status-publish","hentry"],"_links":{"self":[{"href":"https:\/\/albertoplaza.cl\/mundo\/wp-json\/wp\/v2\/pages\/132","targetHints":{"allow":["GET"]}}],"collection":[{"href":"https:\/\/albertoplaza.cl\/mundo\/wp-json\/wp\/v2\/pages"}],"about":[{"href":"https:\/\/albertoplaza.cl\/mundo\/wp-json\/wp\/v2\/types\/page"}],"author":[{"embeddable":true,"href":"https:\/\/albertoplaza.cl\/mundo\/wp-json\/wp\/v2\/users\/2"}],"replies":[{"embeddable":true,"href":"https:\/\/albertoplaza.cl\/mundo\/wp-json\/wp\/v2\/comments?post=132"}],"version-history":[{"count":0,"href":"https:\/\/albertoplaza.cl\/mundo\/wp-json\/wp\/v2\/pages\/132\/revisions"}],"wp:attachment":[{"href":"https:\/\/albertoplaza.cl\/mundo\/wp-json\/wp\/v2\/media?parent=132"}],"curies":[{"name":"wp","href":"https:\/\/api.w.org\/{rel}","templated":true}]}}